{"id":1313,"date":"2025-08-09T05:18:24","date_gmt":"2025-08-09T05:18:24","guid":{"rendered":"https:\/\/fetish-toys.com\/?post_type=product&#038;p=1313"},"modified":"2025-08-09T05:18:24","modified_gmt":"2025-08-09T05:18:24","slug":"jamyjob-jango-masturbador-de-comprension-y-vibracion","status":"publish","type":"product","link":"https:\/\/fetish-toys.com\/?product=jamyjob-jango-masturbador-de-comprension-y-vibracion","title":{"rendered":"JAMYJOB &#8211; JANGO MASTURBADOR DE COMPRENSI\u00d3N Y VIBRACI\u00d3N"},"content":{"rendered":"<p>Experimenta un nuevo nivel de placer con el masturbador masculino Jango de JAMYJOB. Este juguete \u00edntimo de lujo est\u00e1 dise\u00f1ado para satisfacer tus deseos m\u00e1s profundos y elevar tu intimidad a nuevas alturas.<\/p>\n<p>CARACTER\u00cdSTICAS:<\/p>\n<p>Modo Turbo: Divi\u00e9rtete con la potencia regulable que te ofrece Jango, y ajusta la potencia como desees.<br \/>\nPotente Motor: Disfruta de estimulaci\u00f3n intensa gracias al motor de alto rendimiento que te llevar\u00e1 al \u00e9xtasis.<br \/>\n5 Modos de Vibraci\u00f3n: Personaliza tu experiencia con tres modos de vibraci\u00f3n diferentes, desde suaves pulsaciones hasta vibraciones intensas.<br \/>\n3 funciones de presi\u00f3n: Explora una versatilidad sin igual con m\u00faltiples opciones de presi\u00f3n que te brindar\u00e1n satisfacci\u00f3n profunda.<br \/>\nRecargable: Olv\u00eddate de las pilas. Jango es recargable, garantizando horas de placer ininterrumpido.<br \/>\nResistente al Agua: Lleva la diversi\u00f3n a la ba\u00f1era o la ducha, ya que Jango es resistente al agua y te permite explorar tus fantas\u00edas en un entorno h\u00famedo.<br \/>\nHecho de Silicona Super Suave: La silicona de alta calidad de Jango es excepcionalmente suave al tacto, proporcionando una comodidad inigualable.<br \/>\nF\u00e1cil Limpieza: Mant\u00e9n Jango en condiciones impecables con su dise\u00f1o desmontable que facilita la limpieza despu\u00e9s de cada uso.<br \/>\nMaterial Seguro para el Cuerpo: Fabricado con materiales seguros para el cuerpo, Jango garantiza que tu salud es una prioridad.<br \/>\nLibre de Phalatos: Jango es completamente libre de phalatos, lo que lo hace seguro y saludable para tu satisfacci\u00f3n.<br \/>\nDise\u00f1o Bicolor: Con un exterior elegante en negro y rojo y un interior en color plata, Jango es un s\u00edmbolo de estilo y pasi\u00f3n.<\/p>\n<p>MATERIAL Y CUIDADO<\/p>\n<p>Jamyjob es un juguete impermeable hecho de silicona m\u00e9dica suave y sedosa, que es extremadamente resbaladiza y absorbe el calor de su cuerpo r\u00e1pidamente. El juguete se puede limpiar f\u00e1cilmente con un poco de jab\u00f3n bajo agua tibia. Con un poco de limpiador desinfectante para juguetes, puede garantizar una higiene especialmente profunda despu\u00e9s, idealmente con el spray de desinfecci\u00f3n perfectamente coordinado de Waterfeel. Para obtener el m\u00e1ximo placer, use siempre su juguete con uno de los lubricantes a base de agua de Waterfeel que se adaptan perfectamente al producto. Est\u00e1n disponibles en las versiones cl\u00e1sica, sedosa y c\u00e1lida. La composici\u00f3n vegana a base de agua protege el material y mantiene la superficie de su juguete agradable y suave.<\/p>\n","protected":false},"excerpt":{"rendered":"<p>Experimenta un nuevo nivel de placer con el masturbador masculino Jango de JAMYJOB. Este juguete \u00edntimo de lujo est\u00e1 dise\u00f1ado para satisfacer tus deseos m\u00e1s profundos y elevar tu intimidad a nuevas alturas. CARACTER\u00cdSTICAS: Modo Turbo: Divi\u00e9rtete con la potencia regulable que te ofrece Jango, y ajusta la potencia como desees. Potente Motor: Disfruta de estimulaci\u00f3n intensa gracias al motor de alto rendimiento que te llevar\u00e1 al \u00e9xtasis. 5 Modos de Vibraci\u00f3n: Personaliza tu experiencia con tres modos de vibraci\u00f3n diferentes, desde suaves pulsaciones hasta vibraciones intensas. 3 funciones de presi\u00f3n: Explora una versatilidad sin igual con m\u00faltiples opciones de presi\u00f3n que te brindar\u00e1n satisfacci\u00f3n profunda. Recargable: Olv\u00eddate de las pilas. Jango es recargable, garantizando horas de placer ininterrumpido. Resistente al Agua: Lleva la diversi\u00f3n a la ba\u00f1era o la ducha, ya que Jango es resistente al agua y te permite explorar tus fantas\u00edas en un entorno h\u00famedo. Hecho de Silicona Super Suave: La silicona de alta calidad de Jango es excepcionalmente suave al tacto, proporcionando una comodidad inigualable. F\u00e1cil Limpieza: Mant\u00e9n Jango en condiciones impecables con su dise\u00f1o desmontable que facilita la limpieza despu\u00e9s de cada uso. Material Seguro para el Cuerpo: Fabricado con materiales seguros para el cuerpo, Jango garantiza que tu salud es una prioridad. Libre de Phalatos: Jango es completamente libre de phalatos, lo que lo hace seguro y saludable para tu satisfacci\u00f3n. Dise\u00f1o Bicolor: Con un exterior elegante en negro y rojo y un interior en color plata, Jango es un s\u00edmbolo de estilo y pasi\u00f3n. MATERIAL Y CUIDADO Jamyjob es un juguete impermeable hecho de silicona m\u00e9dica suave y sedosa, que es extremadamente resbaladiza y absorbe el calor de su cuerpo r\u00e1pidamente. El juguete se puede limpiar f\u00e1cilmente con un poco de jab\u00f3n bajo agua tibia. Con un poco de limpiador desinfectante para juguetes, puede garantizar una higiene especialmente profunda despu\u00e9s, idealmente con el spray de desinfecci\u00f3n perfectamente coordinado de Waterfeel. Para obtener el m\u00e1ximo placer, use siempre su juguete con uno de los lubricantes a base de agua de Waterfeel que se adaptan perfectamente al producto. Est\u00e1n disponibles en las versiones cl\u00e1sica, sedosa y c\u00e1lida. La composici\u00f3n vegana a base de agua protege el material y mantiene la superficie de su juguete agradable y suave.<\/p>\n","protected":false},"featured_media":1314,"comment_status":"open","ping_status":"closed","template":"","meta":{"site-sidebar-layout":"default","site-content-layout":"","ast-site-content-layout":"default","site-content-style":"default","site-sidebar-style":"default","ast-global-header-display":"","ast-banner-title-visibility":"","ast-main-header-display":"","ast-hfb-above-header-display":"","ast-hfb-below-header-display":"","ast-hfb-mobile-header-display":"","site-post-title":"","ast-breadcrumbs-content":"","ast-featured-img":"","footer-sml-layout":"","theme-transparent-header-meta":"default","adv-header-id-meta":"","stick-header-meta":"","header-above-stick-meta":"","header-main-stick-meta":"","header-below-stick-meta":"","astra-migrate-meta-layouts":"set","ast-page-background-enabled":"default","ast-page-background-meta":{"desktop":{"background-color":"var(--ast-global-color-5)","background-image":"","background-repeat":"repeat","background-position":"center center","background-size":"auto","background-attachment":"scroll","background-type":"","background-media":"","overlay-type":"","overlay-color":"","overlay-opacity":"","overlay-gradient":""},"tablet":{"background-color":"","background-image":"","background-repeat":"repeat","background-position":"center center","background-size":"auto","background-attachment":"scroll","background-type":"","background-media":"","overlay-type":"","overlay-color":"","overlay-opacity":"","overlay-gradient":""},"mobile":{"background-color":"","background-image":"","background-repeat":"repeat","background-position":"center center","background-size":"auto","background-attachment":"scroll","background-type":"","background-media":"","overlay-type":"","overlay-color":"","overlay-opacity":"","overlay-gradient":""}},"ast-content-background-meta":{"desktop":{"background-color":"var(--ast-global-color-4)","background-image":"","background-repeat":"repeat","background-position":"center center","background-size":"auto","background-attachment":"scroll","background-type":"","background-media":"","overlay-type":"","overlay-color":"","overlay-opacity":"","overlay-gradient":""},"tablet":{"background-color":"var(--ast-global-color-4)","background-image":"","background-repeat":"repeat","background-position":"center center","background-size":"auto","background-attachment":"scroll","background-type":"","background-media":"","overlay-type":"","overlay-color":"","overlay-opacity":"","overlay-gradient":""},"mobile":{"background-color":"var(--ast-global-color-4)","background-image":"","background-repeat":"repeat","background-position":"center center","background-size":"auto","background-attachment":"scroll","background-type":"","background-media":"","overlay-type":"","overlay-color":"","overlay-opacity":"","overlay-gradient":""}}},"product_brand":[],"product_cat":[15],"product_tag":[],"class_list":{"0":"post-1313","1":"product","2":"type-product","3":"status-publish","4":"has-post-thumbnail","6":"product_cat-uncategorized","7":"desktop-align-left","8":"tablet-align-left","9":"mobile-align-left","11":"first","12":"instock","13":"shipping-taxable","14":"product-type-simple"},"_links":{"self":[{"href":"https:\/\/fetish-toys.com\/index.php?rest_route=\/wp\/v2\/product\/1313","targetHints":{"allow":["GET"]}}],"collection":[{"href":"https:\/\/fetish-toys.com\/index.php?rest_route=\/wp\/v2\/product"}],"about":[{"href":"https:\/\/fetish-toys.com\/index.php?rest_route=\/wp\/v2\/types\/product"}],"replies":[{"embeddable":true,"href":"https:\/\/fetish-toys.com\/index.php?rest_route=%2Fwp%2Fv2%2Fcomments&post=1313"}],"wp:featuredmedia":[{"embeddable":true,"href":"https:\/\/fetish-toys.com\/index.php?rest_route=\/wp\/v2\/media\/1314"}],"wp:attachment":[{"href":"https:\/\/fetish-toys.com\/index.php?rest_route=%2Fwp%2Fv2%2Fmedia&parent=1313"}],"wp:term":[{"taxonomy":"product_brand","embeddable":true,"href":"https:\/\/fetish-toys.com\/index.php?rest_route=%2Fwp%2Fv2%2Fproduct_brand&post=1313"},{"taxonomy":"product_cat","embeddable":true,"href":"https:\/\/fetish-toys.com\/index.php?rest_route=%2Fwp%2Fv2%2Fproduct_cat&post=1313"},{"taxonomy":"product_tag","embeddable":true,"href":"https:\/\/fetish-toys.com\/index.php?rest_route=%2Fwp%2Fv2%2Fproduct_tag&post=1313"}],"curies":[{"name":"wp","href":"https:\/\/api.w.org\/{rel}","templated":true}]}}