{"id":1316,"date":"2025-08-09T05:20:22","date_gmt":"2025-08-09T05:20:22","guid":{"rendered":"https:\/\/fetish-toys.com\/?post_type=product&#038;p=1316"},"modified":"2025-08-09T05:20:22","modified_gmt":"2025-08-09T05:20:22","slug":"intense-pump-bomba-transparente-02","status":"publish","type":"product","link":"https:\/\/fetish-toys.com\/?product=intense-pump-bomba-transparente-02","title":{"rendered":"INTENSE &#8211; PUMP BOMBA TRANSPARENTE 02"},"content":{"rendered":"<p>\u00a1Todas las bombas Intense Penis Pump est\u00e1n aqu\u00ed para impresionar con una variedad fant\u00e1stica de dispositivos para el crecimiento del pene!<\/p>\n<p>Intense Penis Pump es la mejor forma de mejorar su rendimiento sexual, tama\u00f1o y resistencia. Hemos enviado las muestras de productos a hombres entre 22 y 45 a\u00f1os con problemas de erecci\u00f3n o simplemente por mejorar el rendimiento y el tama\u00f1o del pene. El feedback fue positivo al 100%, todos han comprobado es el mejor producto del mercado.<\/p>\n<p>Intense Penis Pump ayuda a alcanzar la erecci\u00f3n de una forma m\u00e1s sencilla utilizando un sistema de vac\u00edo que hace que la sangre se concentre en el pene cuando todav\u00eda est\u00e1 fl\u00e1cido. La erecci\u00f3n se alcanza y mantiene mediante un sellado c\u00f3modo y herm\u00e9tico en la base del cuerpo, justo en la uni\u00f3n del pene con el pubis, gracias al cual se mantiene la sangre en el tronco. Gracias a la manga, el sellado es firme, c\u00f3modo y estrecho sin apretar.<\/p>\n<p>Los doctores ven la bomba para el pene es un tratamiento efectivo y econ\u00f3mico para la disfunci\u00f3n er\u00e9ctil y declaran que el uso prolongado de dispositivos incrementar\u00e1 el tama\u00f1o del pene permanentemente.<\/p>\n<p>Otras ventajas de la variedad de Intense Penis Pump son entre otras la dilaci\u00f3n en la eyaculaci\u00f3n, mejor\u00eda en el apetito sexual, disparo de testosterona, el mantenimiento de erecciones m\u00e1s duras y duraderas y el soporte del tejido del pene despu\u00e9s de una cirug\u00eda prost\u00e1tica.<\/p>\n<p>Intense Penis Pump 02 mejora tu rendimiento gracias al calibrador incorporado. En un nivel m\u00e1s avanzado el sistema de calibraci\u00f3n es necesario para optimizar el rendimiento y tener la garant\u00eda de la presi\u00f3n real.<\/p>\n<p>Para usarlo, simplemente introduce tu pene en el cilindro, aprieta la manilla de estilo m\u00e9dico, y mira como tu pene obtiene el poder con mucho placer! La boquilla el\u00e1stica forma un sello perfectamente apretado contra tu piel y crea un vac\u00edo de gran alcance dentro de la c\u00e1mara, obligando a tu pene a expandirse r\u00e1pidamente tanto en longitud como en grosor. El cilindro transparente te permite ver como tu miembro se hace m\u00e1s grande y gordo con cada bombeo.<\/p>\n<p>Cuando hayas alcanzado el tama\u00f1o deseado, simplemente presiona el bot\u00f3n de liberaci\u00f3n r\u00e1pida para aliviar la presi\u00f3n al instante y ya estas listo para jugar!.<\/p>\n<p>Cuando hayas terminado, s\u00f3lo tienes que separar el cilindro de la manguera y limpiarlo con el gel limpiador de juguetes de Waterfeel y agua tibia.<\/p>\n<p>\u00a1 INTENSE Penis Pump , le da resultados instant\u00e1neos!<\/p>\n<p>Caracteristicas :<\/p>\n<p>Especificaciones tenicas de Intense Penis Pump 02;<br \/>\nLongitud insertable; 20cm<br \/>\nDiametro total interior; 6.5cm<br \/>\nMaterial; Abs + Silicona<br \/>\nResistente al agua<\/p>\n","protected":false},"excerpt":{"rendered":"<p>\u00a1Todas las bombas Intense Penis Pump est\u00e1n aqu\u00ed para impresionar con una variedad fant\u00e1stica de dispositivos para el crecimiento del pene! Intense Penis Pump es la mejor forma de mejorar su rendimiento sexual, tama\u00f1o y resistencia. Hemos enviado las muestras de productos a hombres entre 22 y 45 a\u00f1os con problemas de erecci\u00f3n o simplemente por mejorar el rendimiento y el tama\u00f1o del pene. El feedback fue positivo al 100%, todos han comprobado es el mejor producto del mercado. Intense Penis Pump ayuda a alcanzar la erecci\u00f3n de una forma m\u00e1s sencilla utilizando un sistema de vac\u00edo que hace que la sangre se concentre en el pene cuando todav\u00eda est\u00e1 fl\u00e1cido. La erecci\u00f3n se alcanza y mantiene mediante un sellado c\u00f3modo y herm\u00e9tico en la base del cuerpo, justo en la uni\u00f3n del pene con el pubis, gracias al cual se mantiene la sangre en el tronco. Gracias a la manga, el sellado es firme, c\u00f3modo y estrecho sin apretar. Los doctores ven la bomba para el pene es un tratamiento efectivo y econ\u00f3mico para la disfunci\u00f3n er\u00e9ctil y declaran que el uso prolongado de dispositivos incrementar\u00e1 el tama\u00f1o del pene permanentemente. Otras ventajas de la variedad de Intense Penis Pump son entre otras la dilaci\u00f3n en la eyaculaci\u00f3n, mejor\u00eda en el apetito sexual, disparo de testosterona, el mantenimiento de erecciones m\u00e1s duras y duraderas y el soporte del tejido del pene despu\u00e9s de una cirug\u00eda prost\u00e1tica. Intense Penis Pump 02 mejora tu rendimiento gracias al calibrador incorporado. En un nivel m\u00e1s avanzado el sistema de calibraci\u00f3n es necesario para optimizar el rendimiento y tener la garant\u00eda de la presi\u00f3n real. Para usarlo, simplemente introduce tu pene en el cilindro, aprieta la manilla de estilo m\u00e9dico, y mira como tu pene obtiene el poder con mucho placer! La boquilla el\u00e1stica forma un sello perfectamente apretado contra tu piel y crea un vac\u00edo de gran alcance dentro de la c\u00e1mara, obligando a tu pene a expandirse r\u00e1pidamente tanto en longitud como en grosor. El cilindro transparente te permite ver como tu miembro se hace m\u00e1s grande y gordo con cada bombeo. Cuando hayas alcanzado el tama\u00f1o deseado, simplemente presiona el bot\u00f3n de liberaci\u00f3n r\u00e1pida para aliviar la presi\u00f3n al instante y ya estas listo para jugar!. Cuando hayas terminado, s\u00f3lo tienes que separar el cilindro de la manguera y limpiarlo con el gel limpiador de juguetes de Waterfeel y agua tibia. \u00a1 INTENSE Penis Pump , le da resultados instant\u00e1neos! Caracteristicas : Especificaciones tenicas de Intense Penis Pump 02; Longitud insertable; 20cm Diametro total interior; 6.5cm Material; Abs + Silicona Resistente al agua<\/p>\n","protected":false},"featured_media":1317,"comment_status":"open","ping_status":"closed","template":"","meta":{"site-sidebar-layout":"default","site-content-layout":"","ast-site-content-layout":"default","site-content-style":"default","site-sidebar-style":"default","ast-global-header-display":"","ast-banner-title-visibility":"","ast-main-header-display":"","ast-hfb-above-header-display":"","ast-hfb-below-header-display":"","ast-hfb-mobile-header-display":"","site-post-title":"","ast-breadcrumbs-content":"","ast-featured-img":"","footer-sml-layout":"","theme-transparent-header-meta":"default","adv-header-id-meta":"","stick-header-meta":"","header-above-stick-meta":"","header-main-stick-meta":"","header-below-stick-meta":"","astra-migrate-meta-layouts":"set","ast-page-background-enabled":"default","ast-page-background-meta":{"desktop":{"background-color":"var(--ast-global-color-5)","background-image":"","background-repeat":"repeat","background-position":"center center","background-size":"auto","background-attachment":"scroll","background-type":"","background-media":"","overlay-type":"","overlay-color":"","overlay-opacity":"","overlay-gradient":""},"tablet":{"background-color":"","background-image":"","background-repeat":"repeat","background-position":"center center","background-size":"auto","background-attachment":"scroll","background-type":"","background-media":"","overlay-type":"","overlay-color":"","overlay-opacity":"","overlay-gradient":""},"mobile":{"background-color":"","background-image":"","background-repeat":"repeat","background-position":"center center","background-size":"auto","background-attachment":"scroll","background-type":"","background-media":"","overlay-type":"","overlay-color":"","overlay-opacity":"","overlay-gradient":""}},"ast-content-background-meta":{"desktop":{"background-color":"var(--ast-global-color-4)","background-image":"","background-repeat":"repeat","background-position":"center center","background-size":"auto","background-attachment":"scroll","background-type":"","background-media":"","overlay-type":"","overlay-color":"","overlay-opacity":"","overlay-gradient":""},"tablet":{"background-color":"var(--ast-global-color-4)","background-image":"","background-repeat":"repeat","background-position":"center center","background-size":"auto","background-attachment":"scroll","background-type":"","background-media":"","overlay-type":"","overlay-color":"","overlay-opacity":"","overlay-gradient":""},"mobile":{"background-color":"var(--ast-global-color-4)","background-image":"","background-repeat":"repeat","background-position":"center center","background-size":"auto","background-attachment":"scroll","background-type":"","background-media":"","overlay-type":"","overlay-color":"","overlay-opacity":"","overlay-gradient":""}}},"product_brand":[],"product_cat":[15],"product_tag":[],"class_list":{"0":"post-1316","1":"product","2":"type-product","3":"status-publish","4":"has-post-thumbnail","6":"product_cat-uncategorized","7":"desktop-align-left","8":"tablet-align-left","9":"mobile-align-left","11":"first","12":"instock","13":"shipping-taxable","14":"product-type-simple"},"_links":{"self":[{"href":"https:\/\/fetish-toys.com\/index.php?rest_route=\/wp\/v2\/product\/1316","targetHints":{"allow":["GET"]}}],"collection":[{"href":"https:\/\/fetish-toys.com\/index.php?rest_route=\/wp\/v2\/product"}],"about":[{"href":"https:\/\/fetish-toys.com\/index.php?rest_route=\/wp\/v2\/types\/product"}],"replies":[{"embeddable":true,"href":"https:\/\/fetish-toys.com\/index.php?rest_route=%2Fwp%2Fv2%2Fcomments&post=1316"}],"wp:featuredmedia":[{"embeddable":true,"href":"https:\/\/fetish-toys.com\/index.php?rest_route=\/wp\/v2\/media\/1317"}],"wp:attachment":[{"href":"https:\/\/fetish-toys.com\/index.php?rest_route=%2Fwp%2Fv2%2Fmedia&parent=1316"}],"wp:term":[{"taxonomy":"product_brand","embeddable":true,"href":"https:\/\/fetish-toys.com\/index.php?rest_route=%2Fwp%2Fv2%2Fproduct_brand&post=1316"},{"taxonomy":"product_cat","embeddable":true,"href":"https:\/\/fetish-toys.com\/index.php?rest_route=%2Fwp%2Fv2%2Fproduct_cat&post=1316"},{"taxonomy":"product_tag","embeddable":true,"href":"https:\/\/fetish-toys.com\/index.php?rest_route=%2Fwp%2Fv2%2Fproduct_tag&post=1316"}],"curies":[{"name":"wp","href":"https:\/\/api.w.org\/{rel}","templated":true}]}}